{"id":846,"date":"2016-09-07T12:59:07","date_gmt":"2016-09-07T10:59:07","guid":{"rendered":"http:\/\/www.conny-geiger.de\/wordpress\/?page_id=846"},"modified":"2016-09-07T13:06:11","modified_gmt":"2016-09-07T11:06:11","slug":"retro-brueder-band","status":"publish","type":"page","link":"https:\/\/www.conny-geiger.de\/wordpress\/beispiel-seite\/kunden\/retro-brueder-band\/","title":{"rendered":"Retro Br\u00fcder (Band)"},"content":{"rendered":"<div id='gallery-1' class='gallery galleryid-846 gallery-columns-1 gallery-size-large'><figure class='gallery-item'>\n\t\t\t<div class='gallery-icon landscape'>\n\t\t\t\t<img loading=\"lazy\" decoding=\"async\" width=\"525\" height=\"525\" src=\"https:\/\/www.conny-geiger.de\/wordpress\/wp-content\/uploads\/2016\/09\/Retrobrueder_Ani-Gif_01_800px.gif\" class=\"attachment-large size-large\" alt=\"\" aria-describedby=\"gallery-1-847\" sizes=\"100vw\" \/>\n\t\t\t<\/div>\n\t\t\t\t<figcaption class='wp-caption-text gallery-caption' id='gallery-1-847'>\n\t\t\t\tRetro Br\u00fcder: Uli R\u00f6ser, Martin Meixner, Martin Gr\u00fcnenwald\n\t\t\t\t<\/figcaption><\/figure><figure class='gallery-item'>\n\t\t\t<div class='gallery-icon landscape'>\n\t\t\t\t<img loading=\"lazy\" decoding=\"async\" width=\"525\" height=\"341\" src=\"https:\/\/www.conny-geiger.de\/wordpress\/wp-content\/uploads\/2016\/09\/Retrobrueder_IMG_5507_b2_frei_1920x1248px_fb-1024x666.jpg\" class=\"attachment-large size-large\" alt=\"\" aria-describedby=\"gallery-1-851\" srcset=\"https:\/\/www.conny-geiger.de\/wordpress\/wp-content\/uploads\/2016\/09\/Retrobrueder_IMG_5507_b2_frei_1920x1248px_fb-1024x666.jpg 1024w, https:\/\/www.conny-geiger.de\/wordpress\/wp-content\/uploads\/2016\/09\/Retrobrueder_IMG_5507_b2_frei_1920x1248px_fb-300x195.jpg 300w, https:\/\/www.conny-geiger.de\/wordpress\/wp-content\/uploads\/2016\/09\/Retrobrueder_IMG_5507_b2_frei_1920x1248px_fb-768x499.jpg 768w, https:\/\/www.conny-geiger.de\/wordpress\/wp-content\/uploads\/2016\/09\/Retrobrueder_IMG_5507_b2_frei_1920x1248px_fb.jpg 1920w\" sizes=\"100vw\" \/>\n\t\t\t<\/div>\n\t\t\t\t<figcaption class='wp-caption-text gallery-caption' id='gallery-1-851'>\n\t\t\t\tRetro Br\u00fcder: Uli R\u00f6ser, Martin Meixner, Martin Gr\u00fcnenwald\n\t\t\t\t<\/figcaption><\/figure><figure class='gallery-item'>\n\t\t\t<div class='gallery-icon landscape'>\n\t\t\t\t<img loading=\"lazy\" decoding=\"async\" width=\"525\" height=\"308\" src=\"https:\/\/www.conny-geiger.de\/wordpress\/wp-content\/uploads\/2016\/09\/Retrobrueder_IMG_5461_b_frei_1920x1127px_fb-1024x601.jpg\" class=\"attachment-large size-large\" alt=\"\" aria-describedby=\"gallery-1-850\" srcset=\"https:\/\/www.conny-geiger.de\/wordpress\/wp-content\/uploads\/2016\/09\/Retrobrueder_IMG_5461_b_frei_1920x1127px_fb-1024x601.jpg 1024w, https:\/\/www.conny-geiger.de\/wordpress\/wp-content\/uploads\/2016\/09\/Retrobrueder_IMG_5461_b_frei_1920x1127px_fb-300x176.jpg 300w, https:\/\/www.conny-geiger.de\/wordpress\/wp-content\/uploads\/2016\/09\/Retrobrueder_IMG_5461_b_frei_1920x1127px_fb-768x451.jpg 768w, https:\/\/www.conny-geiger.de\/wordpress\/wp-content\/uploads\/2016\/09\/Retrobrueder_IMG_5461_b_frei_1920x1127px_fb.jpg 1920w\" sizes=\"100vw\" \/>\n\t\t\t<\/div>\n\t\t\t\t<figcaption class='wp-caption-text gallery-caption' id='gallery-1-850'>\n\t\t\t\tRetro Br\u00fcder: Uli R\u00f6ser, Martin Meixner, Martin Gr\u00fcnenwald\n\t\t\t\t<\/figcaption><\/figure><figure class='gallery-item'>\n\t\t\t<div class='gallery-icon landscape'>\n\t\t\t\t<img loading=\"lazy\" decoding=\"async\" width=\"525\" height=\"525\" src=\"https:\/\/www.conny-geiger.de\/wordpress\/wp-content\/uploads\/2016\/09\/Retrobrueder_IMG_5699_1500px_1500x1500px_fb-1024x1024.jpg\" class=\"attachment-large size-large\" alt=\"\" aria-describedby=\"gallery-1-852\" srcset=\"https:\/\/www.conny-geiger.de\/wordpress\/wp-content\/uploads\/2016\/09\/Retrobrueder_IMG_5699_1500px_1500x1500px_fb-1024x1024.jpg 1024w, https:\/\/www.conny-geiger.de\/wordpress\/wp-content\/uploads\/2016\/09\/Retrobrueder_IMG_5699_1500px_1500x1500px_fb-150x150.jpg 150w, https:\/\/www.conny-geiger.de\/wordpress\/wp-content\/uploads\/2016\/09\/Retrobrueder_IMG_5699_1500px_1500x1500px_fb-300x300.jpg 300w, https:\/\/www.conny-geiger.de\/wordpress\/wp-content\/uploads\/2016\/09\/Retrobrueder_IMG_5699_1500px_1500x1500px_fb-768x768.jpg 768w, https:\/\/www.conny-geiger.de\/wordpress\/wp-content\/uploads\/2016\/09\/Retrobrueder_IMG_5699_1500px_1500x1500px_fb.jpg 1500w\" sizes=\"100vw\" \/>\n\t\t\t<\/div>\n\t\t\t\t<figcaption class='wp-caption-text gallery-caption' id='gallery-1-852'>\n\t\t\t\tRetro Br\u00fcder\n\t\t\t\t<\/figcaption><\/figure><figure class='gallery-item'>\n\t\t\t<div class='gallery-icon portrait'>\n\t\t\t\t<img loading=\"lazy\" decoding=\"async\" width=\"525\" height=\"592\" src=\"https:\/\/www.conny-geiger.de\/wordpress\/wp-content\/uploads\/2016\/09\/Retrobrueder_Ani-Gif_02_600px.gif\" class=\"attachment-large size-large\" alt=\"\" aria-describedby=\"gallery-1-853\" sizes=\"100vw\" \/>\n\t\t\t<\/div>\n\t\t\t\t<figcaption class='wp-caption-text gallery-caption' id='gallery-1-853'>\n\t\t\t\tRetro Br\u00fcder: Uli R\u00f6ser, Martin Meixner, Martin Gr\u00fcnenwald\n\t\t\t\t<\/figcaption><\/figure>\n\t\t<\/div>\n\n<p><a href=\"http:\/\/www.retrobrueder.de\/\"><img loading=\"lazy\" decoding=\"async\" class=\"alignnone wp-image-858 size-medium\" src=\"http:\/\/www.conny-geiger.de\/wordpress\/wp-content\/uploads\/2016\/09\/RetroBrueder_Logo_a-300x130.jpg\" alt=\"RetroBrueder Logo\" width=\"300\" height=\"130\" srcset=\"https:\/\/www.conny-geiger.de\/wordpress\/wp-content\/uploads\/2016\/09\/RetroBrueder_Logo_a-300x130.jpg 300w, https:\/\/www.conny-geiger.de\/wordpress\/wp-content\/uploads\/2016\/09\/RetroBrueder_Logo_a.jpg 687w\" sizes=\"(max-width: 300px) 100vw, 300px\" \/><\/a><\/p>\n<p><a href=\"http:\/\/www.retrobrueder.de\/\" target=\"_blank\"><strong>Retro Br\u00fcder<\/strong><\/a><br \/>\nUli R\u00f6ser \u2013 sousaphon, posaune; megaphon<br \/>\nMartin Meixner \u2013 tasten; megaphon<br \/>\nMartin Gr\u00fcnenwald \u2013 schlagwerk; megaphon<\/p>\n<p>&nbsp;<\/p>\n<p><iframe loading=\"lazy\" src=\"https:\/\/www.youtube.com\/embed\/tfjwG9G8J74\" width=\"560\" height=\"315\" frameborder=\"0\" allowfullscreen=\"allowfullscreen\"><\/iframe><\/p>\n","protected":false},"excerpt":{"rendered":"<p>Retro Br\u00fcder Uli R\u00f6ser \u2013 sousaphon, posaune; megaphon Martin Meixner \u2013 tasten; megaphon Martin Gr\u00fcnenwald \u2013 schlagwerk; megaphon &nbsp;<\/p>\n","protected":false},"author":2,"featured_media":849,"parent":35,"menu_order":0,"comment_status":"closed","ping_status":"closed","template":"page-full-width.php","meta":{"footnotes":""},"_links":{"self":[{"href":"https:\/\/www.conny-geiger.de\/wordpress\/wp-json\/wp\/v2\/pages\/846"}],"collection":[{"href":"https:\/\/www.conny-geiger.de\/wordpress\/wp-json\/wp\/v2\/pages"}],"about":[{"href":"https:\/\/www.conny-geiger.de\/wordpress\/wp-json\/wp\/v2\/types\/page"}],"author":[{"embeddable":true,"href":"https:\/\/www.conny-geiger.de\/wordpress\/wp-json\/wp\/v2\/users\/2"}],"replies":[{"embeddable":true,"href":"https:\/\/www.conny-geiger.de\/wordpress\/wp-json\/wp\/v2\/comments?post=846"}],"version-history":[{"count":7,"href":"https:\/\/www.conny-geiger.de\/wordpress\/wp-json\/wp\/v2\/pages\/846\/revisions"}],"predecessor-version":[{"id":863,"href":"https:\/\/www.conny-geiger.de\/wordpress\/wp-json\/wp\/v2\/pages\/846\/revisions\/863"}],"up":[{"embeddable":true,"href":"https:\/\/www.conny-geiger.de\/wordpress\/wp-json\/wp\/v2\/pages\/35"}],"wp:featuredmedia":[{"embeddable":true,"href":"https:\/\/www.conny-geiger.de\/wordpress\/wp-json\/wp\/v2\/media\/849"}],"wp:attachment":[{"href":"https:\/\/www.conny-geiger.de\/wordpress\/wp-json\/wp\/v2\/media?parent=846"}],"curies":[{"name":"wp","href":"https:\/\/api.w.org\/{rel}","templated":true}]}}