{"id":578,"date":"2016-08-30T14:56:37","date_gmt":"2016-08-30T14:56:37","guid":{"rendered":"http:\/\/www.conny-geiger.de\/wordpress\/?page_id=578"},"modified":"2016-08-31T20:20:54","modified_gmt":"2016-08-31T18:20:54","slug":"christian-kreiss-interview","status":"publish","type":"page","link":"https:\/\/www.conny-geiger.de\/wordpress\/reportagen\/christian-kreiss-interview\/","title":{"rendered":"Christian Krei\u00df &#8211; Interview"},"content":{"rendered":"<h1>\u00abGeld kriegen, ohne zu arbeiten: Das ist das Kranke an unserem System\u00bb<\/h1>\n<p>17.2.2015, 14:32 Uhr<\/p>\n<h4>Der \u00d6konom Christian Kreiss fordert einen radikalen Umbau unseres Wirtschaftssystems. Im Interview erkl\u00e4rt er, warum eine hohe Verm\u00f6genssteuer zu einem Immobilien-Boom f\u00fchren w\u00fcrde. Von Jeremias Schulthess<\/h4>\n<p>Christian Kreiss kritisiert die Basis unseres Wirtschaftssystems und warnt vor der \u00dcberakkumulation von Kapital. (Bild: Michael Geiger)<\/p>\n<p dir=\"ltr\">Wir treffen Christian Kreiss in der N\u00e4he des Stuttgarter Bahnhofs im Caf\u00e9 eines F\u00fcnf-Sterne-Hotels \u2013 ein anderes gab es nicht. \u00abIch bin sonst nie in solchen Luxushotels\u00bb, sagt er bei der Begr\u00fcssung.<\/p>\n<p dir=\"ltr\">Nach eineinhalb Stunden muss Kreiss weiter, er h\u00e4lt einen Vortrag bei einem Naturschutzverband. Mit seiner lebhaften Art zu sprechen ist er ein beliebter Gastredner, als Betriebs\u00f6konom an der Hochschule Aalen in Baden-W\u00fcrttemberg eckt er h\u00e4ufig an \u2013 mit unkonventionellen, kritischen Theorien.<\/p>\n<p>[&#8230;]<\/p>\n<p><a href=\"http:\/\/www.tageswoche.ch\/de\/2015_08\/schweiz\/680768\/\" target=\"_blank\">Ganzer Artikel bei der\u00a0<strong>TAGESWOCHE<\/strong><\/a><\/p>\n<p><a href=\"http:\/\/www.tageswoche.ch\/de\/2015_08\/schweiz\/680768\/\" target=\"_blank\">Interview mit\u00a0Christian Krei\u00df<\/a> &#8211; f\u00fcr die\u00a0Tageswoche\u00a0(CH)<\/p>\n<div id='gallery-1' class='gallery galleryid-578 gallery-columns-1 gallery-size-large'><figure class='gallery-item'>\n\t\t\t<div class='gallery-icon landscape'>\n\t\t\t\t<img loading=\"lazy\" decoding=\"async\" width=\"525\" height=\"350\" src=\"https:\/\/www.conny-geiger.de\/wordpress\/wp-content\/uploads\/2016\/08\/Tageswoche_Krei\u00df_Christian_IMG_4800_1920x1280px_fb-1024x683.jpg\" class=\"attachment-large size-large\" alt=\"\" srcset=\"https:\/\/www.conny-geiger.de\/wordpress\/wp-content\/uploads\/2016\/08\/Tageswoche_Krei\u00df_Christian_IMG_4800_1920x1280px_fb-1024x683.jpg 1024w, https:\/\/www.conny-geiger.de\/wordpress\/wp-content\/uploads\/2016\/08\/Tageswoche_Krei\u00df_Christian_IMG_4800_1920x1280px_fb-300x200.jpg 300w, https:\/\/www.conny-geiger.de\/wordpress\/wp-content\/uploads\/2016\/08\/Tageswoche_Krei\u00df_Christian_IMG_4800_1920x1280px_fb-768x512.jpg 768w, https:\/\/www.conny-geiger.de\/wordpress\/wp-content\/uploads\/2016\/08\/Tageswoche_Krei\u00df_Christian_IMG_4800_1920x1280px_fb.jpg 1920w\" sizes=\"100vw\" \/>\n\t\t\t<\/div><\/figure><figure class='gallery-item'>\n\t\t\t<div class='gallery-icon portrait'>\n\t\t\t\t<img loading=\"lazy\" decoding=\"async\" width=\"525\" height=\"787\" src=\"https:\/\/www.conny-geiger.de\/wordpress\/wp-content\/uploads\/2016\/08\/tageswoche_Krei\u00df_Christian_IMG_4897_1280x1920px_fb-683x1024.jpg\" class=\"attachment-large size-large\" alt=\"\" srcset=\"https:\/\/www.conny-geiger.de\/wordpress\/wp-content\/uploads\/2016\/08\/tageswoche_Krei\u00df_Christian_IMG_4897_1280x1920px_fb-683x1024.jpg 683w, https:\/\/www.conny-geiger.de\/wordpress\/wp-content\/uploads\/2016\/08\/tageswoche_Krei\u00df_Christian_IMG_4897_1280x1920px_fb-200x300.jpg 200w, https:\/\/www.conny-geiger.de\/wordpress\/wp-content\/uploads\/2016\/08\/tageswoche_Krei\u00df_Christian_IMG_4897_1280x1920px_fb-768x1152.jpg 768w, https:\/\/www.conny-geiger.de\/wordpress\/wp-content\/uploads\/2016\/08\/tageswoche_Krei\u00df_Christian_IMG_4897_1280x1920px_fb.jpg 1280w\" sizes=\"100vw\" \/>\n\t\t\t<\/div><\/figure><figure class='gallery-item'>\n\t\t\t<div class='gallery-icon portrait'>\n\t\t\t\t<img loading=\"lazy\" decoding=\"async\" width=\"525\" height=\"787\" src=\"https:\/\/www.conny-geiger.de\/wordpress\/wp-content\/uploads\/2016\/08\/Tageswoche_Krei\u00df_Christian_IMG_4902_1280x1920px_fb-683x1024.jpg\" class=\"attachment-large size-large\" alt=\"\" srcset=\"https:\/\/www.conny-geiger.de\/wordpress\/wp-content\/uploads\/2016\/08\/Tageswoche_Krei\u00df_Christian_IMG_4902_1280x1920px_fb-683x1024.jpg 683w, https:\/\/www.conny-geiger.de\/wordpress\/wp-content\/uploads\/2016\/08\/Tageswoche_Krei\u00df_Christian_IMG_4902_1280x1920px_fb-200x300.jpg 200w, https:\/\/www.conny-geiger.de\/wordpress\/wp-content\/uploads\/2016\/08\/Tageswoche_Krei\u00df_Christian_IMG_4902_1280x1920px_fb-768x1152.jpg 768w, https:\/\/www.conny-geiger.de\/wordpress\/wp-content\/uploads\/2016\/08\/Tageswoche_Krei\u00df_Christian_IMG_4902_1280x1920px_fb.jpg 1280w\" sizes=\"100vw\" \/>\n\t\t\t<\/div><\/figure><figure class='gallery-item'>\n\t\t\t<div class='gallery-icon portrait'>\n\t\t\t\t<img loading=\"lazy\" decoding=\"async\" width=\"525\" height=\"787\" src=\"https:\/\/www.conny-geiger.de\/wordpress\/wp-content\/uploads\/2016\/08\/Tageswoche_Krei\u00df_Christian_IMG_4907_1280x1920px_fb-683x1024.jpg\" class=\"attachment-large size-large\" alt=\"\" aria-describedby=\"gallery-1-593\" srcset=\"https:\/\/www.conny-geiger.de\/wordpress\/wp-content\/uploads\/2016\/08\/Tageswoche_Krei\u00df_Christian_IMG_4907_1280x1920px_fb-683x1024.jpg 683w, https:\/\/www.conny-geiger.de\/wordpress\/wp-content\/uploads\/2016\/08\/Tageswoche_Krei\u00df_Christian_IMG_4907_1280x1920px_fb-200x300.jpg 200w, https:\/\/www.conny-geiger.de\/wordpress\/wp-content\/uploads\/2016\/08\/Tageswoche_Krei\u00df_Christian_IMG_4907_1280x1920px_fb-768x1152.jpg 768w, https:\/\/www.conny-geiger.de\/wordpress\/wp-content\/uploads\/2016\/08\/Tageswoche_Krei\u00df_Christian_IMG_4907_1280x1920px_fb.jpg 1280w\" sizes=\"100vw\" \/>\n\t\t\t<\/div>\n\t\t\t\t<figcaption class='wp-caption-text gallery-caption' id='gallery-1-593'>\n\t\t\t\tChristian Krei\u00df \n\t\t\t\t<\/figcaption><\/figure><figure class='gallery-item'>\n\t\t\t<div class='gallery-icon landscape'>\n\t\t\t\t<img loading=\"lazy\" decoding=\"async\" width=\"525\" height=\"350\" src=\"https:\/\/www.conny-geiger.de\/wordpress\/wp-content\/uploads\/2016\/08\/Tageswoche_Krei\u00df_Christian_IMG_5036_1920x1280px_fb-1024x683.jpg\" class=\"attachment-large size-large\" alt=\"\" srcset=\"https:\/\/www.conny-geiger.de\/wordpress\/wp-content\/uploads\/2016\/08\/Tageswoche_Krei\u00df_Christian_IMG_5036_1920x1280px_fb-1024x683.jpg 1024w, https:\/\/www.conny-geiger.de\/wordpress\/wp-content\/uploads\/2016\/08\/Tageswoche_Krei\u00df_Christian_IMG_5036_1920x1280px_fb-300x200.jpg 300w, https:\/\/www.conny-geiger.de\/wordpress\/wp-content\/uploads\/2016\/08\/Tageswoche_Krei\u00df_Christian_IMG_5036_1920x1280px_fb-768x512.jpg 768w, https:\/\/www.conny-geiger.de\/wordpress\/wp-content\/uploads\/2016\/08\/Tageswoche_Krei\u00df_Christian_IMG_5036_1920x1280px_fb.jpg 1920w\" sizes=\"100vw\" \/>\n\t\t\t<\/div><\/figure><figure class='gallery-item'>\n\t\t\t<div class='gallery-icon portrait'>\n\t\t\t\t<img loading=\"lazy\" decoding=\"async\" width=\"525\" height=\"787\" src=\"https:\/\/www.conny-geiger.de\/wordpress\/wp-content\/uploads\/2016\/08\/Tageswoche_Krei\u00df_Christian_IMG_5116_1280x1920px_fb-683x1024.jpg\" class=\"attachment-large size-large\" alt=\"\" srcset=\"https:\/\/www.conny-geiger.de\/wordpress\/wp-content\/uploads\/2016\/08\/Tageswoche_Krei\u00df_Christian_IMG_5116_1280x1920px_fb-683x1024.jpg 683w, https:\/\/www.conny-geiger.de\/wordpress\/wp-content\/uploads\/2016\/08\/Tageswoche_Krei\u00df_Christian_IMG_5116_1280x1920px_fb-200x300.jpg 200w, https:\/\/www.conny-geiger.de\/wordpress\/wp-content\/uploads\/2016\/08\/Tageswoche_Krei\u00df_Christian_IMG_5116_1280x1920px_fb-768x1152.jpg 768w, https:\/\/www.conny-geiger.de\/wordpress\/wp-content\/uploads\/2016\/08\/Tageswoche_Krei\u00df_Christian_IMG_5116_1280x1920px_fb.jpg 1280w\" sizes=\"100vw\" \/>\n\t\t\t<\/div><\/figure><figure class='gallery-item'>\n\t\t\t<div class='gallery-icon portrait'>\n\t\t\t\t<img loading=\"lazy\" decoding=\"async\" width=\"525\" height=\"787\" src=\"https:\/\/www.conny-geiger.de\/wordpress\/wp-content\/uploads\/2016\/08\/Tageswoche_Krei\u00df_Christian_IMG_5120_1280x1920px_fb-683x1024.jpg\" class=\"attachment-large size-large\" alt=\"\" srcset=\"https:\/\/www.conny-geiger.de\/wordpress\/wp-content\/uploads\/2016\/08\/Tageswoche_Krei\u00df_Christian_IMG_5120_1280x1920px_fb-683x1024.jpg 683w, https:\/\/www.conny-geiger.de\/wordpress\/wp-content\/uploads\/2016\/08\/Tageswoche_Krei\u00df_Christian_IMG_5120_1280x1920px_fb-200x300.jpg 200w, https:\/\/www.conny-geiger.de\/wordpress\/wp-content\/uploads\/2016\/08\/Tageswoche_Krei\u00df_Christian_IMG_5120_1280x1920px_fb-768x1152.jpg 768w, https:\/\/www.conny-geiger.de\/wordpress\/wp-content\/uploads\/2016\/08\/Tageswoche_Krei\u00df_Christian_IMG_5120_1280x1920px_fb.jpg 1280w\" sizes=\"100vw\" \/>\n\t\t\t<\/div><\/figure><figure class='gallery-item'>\n\t\t\t<div class='gallery-icon landscape'>\n\t\t\t\t<img loading=\"lazy\" decoding=\"async\" width=\"525\" height=\"350\" src=\"https:\/\/www.conny-geiger.de\/wordpress\/wp-content\/uploads\/2016\/08\/Tageswoche_Krei\u00df_Christian_IMG_5135_1920x1280px_fb-1024x683.jpg\" class=\"attachment-large size-large\" alt=\"\" srcset=\"https:\/\/www.conny-geiger.de\/wordpress\/wp-content\/uploads\/2016\/08\/Tageswoche_Krei\u00df_Christian_IMG_5135_1920x1280px_fb-1024x683.jpg 1024w, https:\/\/www.conny-geiger.de\/wordpress\/wp-content\/uploads\/2016\/08\/Tageswoche_Krei\u00df_Christian_IMG_5135_1920x1280px_fb-300x200.jpg 300w, https:\/\/www.conny-geiger.de\/wordpress\/wp-content\/uploads\/2016\/08\/Tageswoche_Krei\u00df_Christian_IMG_5135_1920x1280px_fb-768x512.jpg 768w, https:\/\/www.conny-geiger.de\/wordpress\/wp-content\/uploads\/2016\/08\/Tageswoche_Krei\u00df_Christian_IMG_5135_1920x1280px_fb.jpg 1920w\" sizes=\"100vw\" \/>\n\t\t\t<\/div><\/figure><figure class='gallery-item'>\n\t\t\t<div class='gallery-icon landscape'>\n\t\t\t\t<img loading=\"lazy\" decoding=\"async\" width=\"525\" height=\"350\" src=\"https:\/\/www.conny-geiger.de\/wordpress\/wp-content\/uploads\/2016\/08\/Tageswoche_Krei\u00df_Christian_IMG_5145_1920x1280px_fb-1024x683.jpg\" class=\"attachment-large size-large\" alt=\"\" srcset=\"https:\/\/www.conny-geiger.de\/wordpress\/wp-content\/uploads\/2016\/08\/Tageswoche_Krei\u00df_Christian_IMG_5145_1920x1280px_fb-1024x683.jpg 1024w, https:\/\/www.conny-geiger.de\/wordpress\/wp-content\/uploads\/2016\/08\/Tageswoche_Krei\u00df_Christian_IMG_5145_1920x1280px_fb-300x200.jpg 300w, https:\/\/www.conny-geiger.de\/wordpress\/wp-content\/uploads\/2016\/08\/Tageswoche_Krei\u00df_Christian_IMG_5145_1920x1280px_fb-768x512.jpg 768w, https:\/\/www.conny-geiger.de\/wordpress\/wp-content\/uploads\/2016\/08\/Tageswoche_Krei\u00df_Christian_IMG_5145_1920x1280px_fb.jpg 1920w\" sizes=\"100vw\" \/>\n\t\t\t<\/div><\/figure><figure class='gallery-item'>\n\t\t\t<div class='gallery-icon portrait'>\n\t\t\t\t<img loading=\"lazy\" decoding=\"async\" width=\"525\" height=\"787\" src=\"https:\/\/www.conny-geiger.de\/wordpress\/wp-content\/uploads\/2016\/08\/Tageswoche_Krei\u00df_Christian_IMG_5160_1280x1920px_fb-683x1024.jpg\" class=\"attachment-large size-large\" alt=\"\" srcset=\"https:\/\/www.conny-geiger.de\/wordpress\/wp-content\/uploads\/2016\/08\/Tageswoche_Krei\u00df_Christian_IMG_5160_1280x1920px_fb-683x1024.jpg 683w, https:\/\/www.conny-geiger.de\/wordpress\/wp-content\/uploads\/2016\/08\/Tageswoche_Krei\u00df_Christian_IMG_5160_1280x1920px_fb-200x300.jpg 200w, https:\/\/www.conny-geiger.de\/wordpress\/wp-content\/uploads\/2016\/08\/Tageswoche_Krei\u00df_Christian_IMG_5160_1280x1920px_fb-768x1152.jpg 768w, https:\/\/www.conny-geiger.de\/wordpress\/wp-content\/uploads\/2016\/08\/Tageswoche_Krei\u00df_Christian_IMG_5160_1280x1920px_fb.jpg 1280w\" sizes=\"100vw\" \/>\n\t\t\t<\/div><\/figure><figure class='gallery-item'>\n\t\t\t<div class='gallery-icon landscape'>\n\t\t\t\t<img loading=\"lazy\" decoding=\"async\" width=\"525\" height=\"350\" src=\"https:\/\/www.conny-geiger.de\/wordpress\/wp-content\/uploads\/2016\/08\/tageswoche_Krei\u00df_Christian_Portrait_IMG_5202_1920x1280px_fb-1024x683.jpg\" class=\"attachment-large size-large\" alt=\"\" srcset=\"https:\/\/www.conny-geiger.de\/wordpress\/wp-content\/uploads\/2016\/08\/tageswoche_Krei\u00df_Christian_Portrait_IMG_5202_1920x1280px_fb-1024x683.jpg 1024w, https:\/\/www.conny-geiger.de\/wordpress\/wp-content\/uploads\/2016\/08\/tageswoche_Krei\u00df_Christian_Portrait_IMG_5202_1920x1280px_fb-300x200.jpg 300w, https:\/\/www.conny-geiger.de\/wordpress\/wp-content\/uploads\/2016\/08\/tageswoche_Krei\u00df_Christian_Portrait_IMG_5202_1920x1280px_fb-768x512.jpg 768w, https:\/\/www.conny-geiger.de\/wordpress\/wp-content\/uploads\/2016\/08\/tageswoche_Krei\u00df_Christian_Portrait_IMG_5202_1920x1280px_fb.jpg 1920w\" sizes=\"100vw\" \/>\n\t\t\t<\/div><\/figure>\n\t\t<\/div>\n\n<h2><\/h2>\n","protected":false},"excerpt":{"rendered":"<p>\u00abGeld kriegen, ohne zu arbeiten: Das ist das Kranke an unserem System\u00bb 17.2.2015, 14:32 Uhr Der \u00d6konom Christian Kreiss fordert einen radikalen Umbau unseres Wirtschaftssystems. Im Interview erkl\u00e4rt er, warum eine hohe Verm\u00f6genssteuer zu einem Immobilien-Boom f\u00fchren w\u00fcrde. Von Jeremias Schulthess Christian Kreiss kritisiert die Basis unseres Wirtschaftssystems und warnt vor der \u00dcberakkumulation von Kapital. &hellip; <\/p>\n<p class=\"link-more\"><a href=\"https:\/\/www.conny-geiger.de\/wordpress\/reportagen\/christian-kreiss-interview\/\" class=\"more-link\"><span class=\"screen-reader-text\">\u201eChristian Krei\u00df &#8211; Interview\u201c<\/span> weiterlesen<\/a><\/p>\n","protected":false},"author":2,"featured_media":598,"parent":570,"menu_order":0,"comment_status":"closed","ping_status":"closed","template":"page-full-width.php","meta":{"footnotes":""},"_links":{"self":[{"href":"https:\/\/www.conny-geiger.de\/wordpress\/wp-json\/wp\/v2\/pages\/578"}],"collection":[{"href":"https:\/\/www.conny-geiger.de\/wordpress\/wp-json\/wp\/v2\/pages"}],"about":[{"href":"https:\/\/www.conny-geiger.de\/wordpress\/wp-json\/wp\/v2\/types\/page"}],"author":[{"embeddable":true,"href":"https:\/\/www.conny-geiger.de\/wordpress\/wp-json\/wp\/v2\/users\/2"}],"replies":[{"embeddable":true,"href":"https:\/\/www.conny-geiger.de\/wordpress\/wp-json\/wp\/v2\/comments?post=578"}],"version-history":[{"count":7,"href":"https:\/\/www.conny-geiger.de\/wordpress\/wp-json\/wp\/v2\/pages\/578\/revisions"}],"predecessor-version":[{"id":782,"href":"https:\/\/www.conny-geiger.de\/wordpress\/wp-json\/wp\/v2\/pages\/578\/revisions\/782"}],"up":[{"embeddable":true,"href":"https:\/\/www.conny-geiger.de\/wordpress\/wp-json\/wp\/v2\/pages\/570"}],"wp:featuredmedia":[{"embeddable":true,"href":"https:\/\/www.conny-geiger.de\/wordpress\/wp-json\/wp\/v2\/media\/598"}],"wp:attachment":[{"href":"https:\/\/www.conny-geiger.de\/wordpress\/wp-json\/wp\/v2\/media?parent=578"}],"curies":[{"name":"wp","href":"https:\/\/api.w.org\/{rel}","templated":true}]}}