{"id":2508,"date":"2023-11-22T02:25:29","date_gmt":"2023-11-22T00:25:29","guid":{"rendered":"https:\/\/www.conny-geiger.de\/wordpress\/?page_id=2508"},"modified":"2023-11-22T02:25:29","modified_gmt":"2023-11-22T00:25:29","slug":"pulse-of-europe-vhs-stuttgart-gefahren-fuer-die-demokratie-podiumsgespraech-mit-dr-michael-blume","status":"publish","type":"page","link":"https:\/\/www.conny-geiger.de\/wordpress\/pulse-of-europe-vhs-stuttgart-gefahren-fuer-die-demokratie-podiumsgespraech-mit-dr-michael-blume\/","title":{"rendered":"Pulse of Europe &#038; vhs Stuttgart: Gefahren f\u00fcr die Demokratie \u2013 Podiumsgespr\u00e4ch mit Dr. Michael Blume"},"content":{"rendered":"\n<figure class=\"wp-block-image\"><a href=\"https:\/\/vhs-stuttgart.de\/fileadmin\/kuferweb\/webbasys\/bilder\/kurs\/K_959_1.jpg\" target=\"_blank\" rel=\"noreferrer noopener\"><img loading=\"lazy\" decoding=\"async\" width=\"128\" height=\"100\" src=\"https:\/\/www.conny-geiger.de\/wordpress\/wp-content\/uploads\/2023\/11\/image.jpeg\" alt=\"\" class=\"wp-image-2549\" title=\"\"\/><\/a><\/figure>\n\n\n\n<p>Der Terroranschlag der Hamas auf Israel hat den Nahostkonflikt wieder in die Schlagzeilen und nach Deutschland gebracht. Hierzulande steigen die antisemitischen Vorf\u00e4lle und die Bedrohungen f\u00fcr die j\u00fcdischen Mitb\u00fcrger\/innen an. Unsere Demokratie wird erneut stark herausgefordert \u2013 wie bereits in den vergangenen Jahren, als Antisemitismus, Rassismus, Diskriminierung und das Unterteilen in &#8222;die&#8220; und &#8222;wir&#8220; immer mehr Zustimmung im Land fand. Die \u00dcberwindung solchen Gedankenguts ist aber nicht nur ein Gr\u00fcndungsmotiv der Europ\u00e4ischen Union als &#8222;in Vielfalt vereintem&#8220; Kontinent, sondern auch Bedingung f\u00fcr ein demokratisches und offenes Zusammenleben aller Menschen in einem freien Europa. Was also ist n\u00f6tig und m\u00f6glich, um z. B. durch die Bek\u00e4mpfung von menschenverachtenden Ideologien die Demokratie zu sch\u00fctzen?<\/p>\n\n\n\n<p>In einem Impuls-Statement stellte Dr. Michael Blume, Beauftragter der baden-w\u00fcrttembergischen Landesregierung gegen Antisemitismus, seine schonungslose kritische Analyse der gegenw\u00e4rtigen Situation vor. <\/p>\n\n\n\n<p>Anschlie\u00dfend stand die Diskussion von B\u00fcrger\/innen mit Herrn Dr. Blume und Pulse of Europe im Fokus.<\/p>\n\n\n\n<p>Die Veranstaltung fand in Kooperation mit Pulse of Europe im TREFFPUNKT Roteb\u00fchlplatz statt und wurde <a href=\"https:\/\/www.youtube.com\/watch?v=Asbv7g3-dmY&amp;t=948s\">live gestreamt<\/a>.<\/p>\n\n\n\n<p><\/p>\n\n\n\n<p><\/p>\n\n\n\n<figure class=\"wp-block-image size-large\"><img loading=\"lazy\" decoding=\"async\" width=\"1920\" height=\"1280\" src=\"https:\/\/www.conny-geiger.de\/wordpress\/wp-content\/uploads\/2023\/11\/C.-Geiger-FotoGrafik-20231121-A7_05880_1920px.jpg\" alt=\"\" class=\"wp-image-2536\" srcset=\"https:\/\/www.conny-geiger.de\/wordpress\/wp-content\/uploads\/2023\/11\/C.-Geiger-FotoGrafik-20231121-A7_05880_1920px.jpg 1920w, https:\/\/www.conny-geiger.de\/wordpress\/wp-content\/uploads\/2023\/11\/C.-Geiger-FotoGrafik-20231121-A7_05880_1920px-300x200.jpg 300w, https:\/\/www.conny-geiger.de\/wordpress\/wp-content\/uploads\/2023\/11\/C.-Geiger-FotoGrafik-20231121-A7_05880_1920px-150x100.jpg 150w, https:\/\/www.conny-geiger.de\/wordpress\/wp-content\/uploads\/2023\/11\/C.-Geiger-FotoGrafik-20231121-A7_05880_1920px-768x512.jpg 768w, https:\/\/www.conny-geiger.de\/wordpress\/wp-content\/uploads\/2023\/11\/C.-Geiger-FotoGrafik-20231121-A7_05880_1920px-1536x1024.jpg 1536w\" sizes=\"(max-width: 767px) 89vw, (max-width: 1000px) 54vw, (max-width: 1071px) 543px, 580px\" \/><\/figure>\n\n\n\n<figure class=\"wp-block-image size-large\"><img loading=\"lazy\" decoding=\"async\" width=\"1920\" height=\"1280\" src=\"https:\/\/www.conny-geiger.de\/wordpress\/wp-content\/uploads\/2023\/11\/C.-Geiger-FotoGrafik-20231121-A7_05896_1920px.jpg\" alt=\"\" class=\"wp-image-2542\" srcset=\"https:\/\/www.conny-geiger.de\/wordpress\/wp-content\/uploads\/2023\/11\/C.-Geiger-FotoGrafik-20231121-A7_05896_1920px.jpg 1920w, https:\/\/www.conny-geiger.de\/wordpress\/wp-content\/uploads\/2023\/11\/C.-Geiger-FotoGrafik-20231121-A7_05896_1920px-300x200.jpg 300w, https:\/\/www.conny-geiger.de\/wordpress\/wp-content\/uploads\/2023\/11\/C.-Geiger-FotoGrafik-20231121-A7_05896_1920px-150x100.jpg 150w, https:\/\/www.conny-geiger.de\/wordpress\/wp-content\/uploads\/2023\/11\/C.-Geiger-FotoGrafik-20231121-A7_05896_1920px-768x512.jpg 768w, https:\/\/www.conny-geiger.de\/wordpress\/wp-content\/uploads\/2023\/11\/C.-Geiger-FotoGrafik-20231121-A7_05896_1920px-1536x1024.jpg 1536w\" sizes=\"(max-width: 767px) 89vw, (max-width: 1000px) 54vw, (max-width: 1071px) 543px, 580px\" \/><\/figure>\n\n\n\n<figure class=\"wp-block-image size-large\"><img loading=\"lazy\" decoding=\"async\" width=\"1920\" height=\"1280\" src=\"https:\/\/www.conny-geiger.de\/wordpress\/wp-content\/uploads\/2023\/11\/C.-Geiger-FotoGrafik-20231121-A7_05901_1920px.jpg\" alt=\"\" class=\"wp-image-2537\" srcset=\"https:\/\/www.conny-geiger.de\/wordpress\/wp-content\/uploads\/2023\/11\/C.-Geiger-FotoGrafik-20231121-A7_05901_1920px.jpg 1920w, https:\/\/www.conny-geiger.de\/wordpress\/wp-content\/uploads\/2023\/11\/C.-Geiger-FotoGrafik-20231121-A7_05901_1920px-300x200.jpg 300w, https:\/\/www.conny-geiger.de\/wordpress\/wp-content\/uploads\/2023\/11\/C.-Geiger-FotoGrafik-20231121-A7_05901_1920px-150x100.jpg 150w, https:\/\/www.conny-geiger.de\/wordpress\/wp-content\/uploads\/2023\/11\/C.-Geiger-FotoGrafik-20231121-A7_05901_1920px-768x512.jpg 768w, https:\/\/www.conny-geiger.de\/wordpress\/wp-content\/uploads\/2023\/11\/C.-Geiger-FotoGrafik-20231121-A7_05901_1920px-1536x1024.jpg 1536w\" sizes=\"(max-width: 767px) 89vw, (max-width: 1000px) 54vw, (max-width: 1071px) 543px, 580px\" \/><\/figure>\n\n\n\n<figure class=\"wp-block-image size-large\"><img loading=\"lazy\" decoding=\"async\" width=\"1920\" height=\"1280\" src=\"https:\/\/www.conny-geiger.de\/wordpress\/wp-content\/uploads\/2023\/11\/C.-Geiger-FotoGrafik-20231121-A7_05906_1920px.jpg\" alt=\"\" class=\"wp-image-2538\" srcset=\"https:\/\/www.conny-geiger.de\/wordpress\/wp-content\/uploads\/2023\/11\/C.-Geiger-FotoGrafik-20231121-A7_05906_1920px.jpg 1920w, https:\/\/www.conny-geiger.de\/wordpress\/wp-content\/uploads\/2023\/11\/C.-Geiger-FotoGrafik-20231121-A7_05906_1920px-300x200.jpg 300w, https:\/\/www.conny-geiger.de\/wordpress\/wp-content\/uploads\/2023\/11\/C.-Geiger-FotoGrafik-20231121-A7_05906_1920px-150x100.jpg 150w, https:\/\/www.conny-geiger.de\/wordpress\/wp-content\/uploads\/2023\/11\/C.-Geiger-FotoGrafik-20231121-A7_05906_1920px-768x512.jpg 768w, https:\/\/www.conny-geiger.de\/wordpress\/wp-content\/uploads\/2023\/11\/C.-Geiger-FotoGrafik-20231121-A7_05906_1920px-1536x1024.jpg 1536w\" sizes=\"(max-width: 767px) 89vw, (max-width: 1000px) 54vw, (max-width: 1071px) 543px, 580px\" \/><\/figure>\n\n\n\n<figure class=\"wp-block-image size-large\"><img loading=\"lazy\" decoding=\"async\" width=\"1920\" height=\"1280\" src=\"https:\/\/www.conny-geiger.de\/wordpress\/wp-content\/uploads\/2023\/11\/C.-Geiger-FotoGrafik-20231121-A7_05908_1920px.jpg\" alt=\"\" class=\"wp-image-2539\" srcset=\"https:\/\/www.conny-geiger.de\/wordpress\/wp-content\/uploads\/2023\/11\/C.-Geiger-FotoGrafik-20231121-A7_05908_1920px.jpg 1920w, https:\/\/www.conny-geiger.de\/wordpress\/wp-content\/uploads\/2023\/11\/C.-Geiger-FotoGrafik-20231121-A7_05908_1920px-300x200.jpg 300w, https:\/\/www.conny-geiger.de\/wordpress\/wp-content\/uploads\/2023\/11\/C.-Geiger-FotoGrafik-20231121-A7_05908_1920px-150x100.jpg 150w, https:\/\/www.conny-geiger.de\/wordpress\/wp-content\/uploads\/2023\/11\/C.-Geiger-FotoGrafik-20231121-A7_05908_1920px-768x512.jpg 768w, https:\/\/www.conny-geiger.de\/wordpress\/wp-content\/uploads\/2023\/11\/C.-Geiger-FotoGrafik-20231121-A7_05908_1920px-1536x1024.jpg 1536w\" sizes=\"(max-width: 767px) 89vw, (max-width: 1000px) 54vw, (max-width: 1071px) 543px, 580px\" \/><\/figure>\n\n\n\n<figure class=\"wp-block-image size-large\"><img loading=\"lazy\" decoding=\"async\" width=\"1920\" height=\"1280\" src=\"https:\/\/www.conny-geiger.de\/wordpress\/wp-content\/uploads\/2023\/11\/C.-Geiger-FotoGrafik-20231121-A7_05911_1920px.jpg\" alt=\"\" class=\"wp-image-2540\" srcset=\"https:\/\/www.conny-geiger.de\/wordpress\/wp-content\/uploads\/2023\/11\/C.-Geiger-FotoGrafik-20231121-A7_05911_1920px.jpg 1920w, https:\/\/www.conny-geiger.de\/wordpress\/wp-content\/uploads\/2023\/11\/C.-Geiger-FotoGrafik-20231121-A7_05911_1920px-300x200.jpg 300w, https:\/\/www.conny-geiger.de\/wordpress\/wp-content\/uploads\/2023\/11\/C.-Geiger-FotoGrafik-20231121-A7_05911_1920px-150x100.jpg 150w, https:\/\/www.conny-geiger.de\/wordpress\/wp-content\/uploads\/2023\/11\/C.-Geiger-FotoGrafik-20231121-A7_05911_1920px-768x512.jpg 768w, https:\/\/www.conny-geiger.de\/wordpress\/wp-content\/uploads\/2023\/11\/C.-Geiger-FotoGrafik-20231121-A7_05911_1920px-1536x1024.jpg 1536w\" sizes=\"(max-width: 767px) 89vw, (max-width: 1000px) 54vw, (max-width: 1071px) 543px, 580px\" \/><\/figure>\n\n\n\n<figure class=\"wp-block-image size-large\"><img loading=\"lazy\" decoding=\"async\" width=\"1280\" height=\"1920\" src=\"https:\/\/www.conny-geiger.de\/wordpress\/wp-content\/uploads\/2023\/11\/C.-Geiger-FotoGrafik-20231121-A7_05918_1920px.jpg\" alt=\"\" class=\"wp-image-2543\" srcset=\"https:\/\/www.conny-geiger.de\/wordpress\/wp-content\/uploads\/2023\/11\/C.-Geiger-FotoGrafik-20231121-A7_05918_1920px.jpg 1280w, https:\/\/www.conny-geiger.de\/wordpress\/wp-content\/uploads\/2023\/11\/C.-Geiger-FotoGrafik-20231121-A7_05918_1920px-200x300.jpg 200w, https:\/\/www.conny-geiger.de\/wordpress\/wp-content\/uploads\/2023\/11\/C.-Geiger-FotoGrafik-20231121-A7_05918_1920px-100x150.jpg 100w, https:\/\/www.conny-geiger.de\/wordpress\/wp-content\/uploads\/2023\/11\/C.-Geiger-FotoGrafik-20231121-A7_05918_1920px-768x1152.jpg 768w, https:\/\/www.conny-geiger.de\/wordpress\/wp-content\/uploads\/2023\/11\/C.-Geiger-FotoGrafik-20231121-A7_05918_1920px-1024x1536.jpg 1024w\" sizes=\"(max-width: 767px) 89vw, (max-width: 1000px) 54vw, (max-width: 1071px) 543px, 580px\" \/><\/figure>\n\n\n\n<figure class=\"wp-block-image size-large\"><img loading=\"lazy\" decoding=\"async\" width=\"1280\" height=\"1920\" src=\"https:\/\/www.conny-geiger.de\/wordpress\/wp-content\/uploads\/2023\/11\/C.-Geiger-FotoGrafik-20231121-A7_05935_1920px.jpg\" alt=\"\" class=\"wp-image-2541\" srcset=\"https:\/\/www.conny-geiger.de\/wordpress\/wp-content\/uploads\/2023\/11\/C.-Geiger-FotoGrafik-20231121-A7_05935_1920px.jpg 1280w, https:\/\/www.conny-geiger.de\/wordpress\/wp-content\/uploads\/2023\/11\/C.-Geiger-FotoGrafik-20231121-A7_05935_1920px-200x300.jpg 200w, https:\/\/www.conny-geiger.de\/wordpress\/wp-content\/uploads\/2023\/11\/C.-Geiger-FotoGrafik-20231121-A7_05935_1920px-100x150.jpg 100w, https:\/\/www.conny-geiger.de\/wordpress\/wp-content\/uploads\/2023\/11\/C.-Geiger-FotoGrafik-20231121-A7_05935_1920px-768x1152.jpg 768w, https:\/\/www.conny-geiger.de\/wordpress\/wp-content\/uploads\/2023\/11\/C.-Geiger-FotoGrafik-20231121-A7_05935_1920px-1024x1536.jpg 1024w\" sizes=\"(max-width: 767px) 89vw, (max-width: 1000px) 54vw, (max-width: 1071px) 543px, 580px\" \/><\/figure>\n\n\n\n<figure class=\"wp-block-image size-large\"><img loading=\"lazy\" decoding=\"async\" width=\"1280\" height=\"1920\" src=\"https:\/\/www.conny-geiger.de\/wordpress\/wp-content\/uploads\/2023\/11\/C.-Geiger-FotoGrafik-20231121-A7_05936_1920px.jpg\" alt=\"\" class=\"wp-image-2544\" srcset=\"https:\/\/www.conny-geiger.de\/wordpress\/wp-content\/uploads\/2023\/11\/C.-Geiger-FotoGrafik-20231121-A7_05936_1920px.jpg 1280w, https:\/\/www.conny-geiger.de\/wordpress\/wp-content\/uploads\/2023\/11\/C.-Geiger-FotoGrafik-20231121-A7_05936_1920px-200x300.jpg 200w, https:\/\/www.conny-geiger.de\/wordpress\/wp-content\/uploads\/2023\/11\/C.-Geiger-FotoGrafik-20231121-A7_05936_1920px-100x150.jpg 100w, https:\/\/www.conny-geiger.de\/wordpress\/wp-content\/uploads\/2023\/11\/C.-Geiger-FotoGrafik-20231121-A7_05936_1920px-768x1152.jpg 768w, https:\/\/www.conny-geiger.de\/wordpress\/wp-content\/uploads\/2023\/11\/C.-Geiger-FotoGrafik-20231121-A7_05936_1920px-1024x1536.jpg 1024w\" sizes=\"(max-width: 767px) 89vw, (max-width: 1000px) 54vw, (max-width: 1071px) 543px, 580px\" \/><\/figure>\n\n\n\n<figure class=\"wp-block-image size-large\"><img loading=\"lazy\" decoding=\"async\" width=\"1920\" height=\"1280\" src=\"https:\/\/www.conny-geiger.de\/wordpress\/wp-content\/uploads\/2023\/11\/C.-Geiger-FotoGrafik-20231121-A7_05943_1920px.jpg\" alt=\"\" class=\"wp-image-2545\" srcset=\"https:\/\/www.conny-geiger.de\/wordpress\/wp-content\/uploads\/2023\/11\/C.-Geiger-FotoGrafik-20231121-A7_05943_1920px.jpg 1920w, https:\/\/www.conny-geiger.de\/wordpress\/wp-content\/uploads\/2023\/11\/C.-Geiger-FotoGrafik-20231121-A7_05943_1920px-300x200.jpg 300w, https:\/\/www.conny-geiger.de\/wordpress\/wp-content\/uploads\/2023\/11\/C.-Geiger-FotoGrafik-20231121-A7_05943_1920px-150x100.jpg 150w, https:\/\/www.conny-geiger.de\/wordpress\/wp-content\/uploads\/2023\/11\/C.-Geiger-FotoGrafik-20231121-A7_05943_1920px-768x512.jpg 768w, https:\/\/www.conny-geiger.de\/wordpress\/wp-content\/uploads\/2023\/11\/C.-Geiger-FotoGrafik-20231121-A7_05943_1920px-1536x1024.jpg 1536w\" sizes=\"(max-width: 767px) 89vw, (max-width: 1000px) 54vw, (max-width: 1071px) 543px, 580px\" \/><\/figure>\n\n\n\n<figure class=\"wp-block-image size-large\"><img loading=\"lazy\" decoding=\"async\" width=\"1280\" height=\"1920\" src=\"https:\/\/www.conny-geiger.de\/wordpress\/wp-content\/uploads\/2023\/11\/C.-Geiger-FotoGrafik-20231121-A7_05947_1920px.jpg\" alt=\"\" class=\"wp-image-2547\" srcset=\"https:\/\/www.conny-geiger.de\/wordpress\/wp-content\/uploads\/2023\/11\/C.-Geiger-FotoGrafik-20231121-A7_05947_1920px.jpg 1280w, https:\/\/www.conny-geiger.de\/wordpress\/wp-content\/uploads\/2023\/11\/C.-Geiger-FotoGrafik-20231121-A7_05947_1920px-200x300.jpg 200w, https:\/\/www.conny-geiger.de\/wordpress\/wp-content\/uploads\/2023\/11\/C.-Geiger-FotoGrafik-20231121-A7_05947_1920px-100x150.jpg 100w, https:\/\/www.conny-geiger.de\/wordpress\/wp-content\/uploads\/2023\/11\/C.-Geiger-FotoGrafik-20231121-A7_05947_1920px-768x1152.jpg 768w, https:\/\/www.conny-geiger.de\/wordpress\/wp-content\/uploads\/2023\/11\/C.-Geiger-FotoGrafik-20231121-A7_05947_1920px-1024x1536.jpg 1024w\" sizes=\"(max-width: 767px) 89vw, (max-width: 1000px) 54vw, (max-width: 1071px) 543px, 580px\" \/><\/figure>\n\n\n\n<figure class=\"wp-block-image size-large\"><img loading=\"lazy\" decoding=\"async\" width=\"1920\" height=\"1280\" src=\"https:\/\/www.conny-geiger.de\/wordpress\/wp-content\/uploads\/2023\/11\/C.-Geiger-FotoGrafik-20231121-A7_05975_1920px.jpg\" alt=\"\" class=\"wp-image-2546\" srcset=\"https:\/\/www.conny-geiger.de\/wordpress\/wp-content\/uploads\/2023\/11\/C.-Geiger-FotoGrafik-20231121-A7_05975_1920px.jpg 1920w, https:\/\/www.conny-geiger.de\/wordpress\/wp-content\/uploads\/2023\/11\/C.-Geiger-FotoGrafik-20231121-A7_05975_1920px-300x200.jpg 300w, https:\/\/www.conny-geiger.de\/wordpress\/wp-content\/uploads\/2023\/11\/C.-Geiger-FotoGrafik-20231121-A7_05975_1920px-150x100.jpg 150w, https:\/\/www.conny-geiger.de\/wordpress\/wp-content\/uploads\/2023\/11\/C.-Geiger-FotoGrafik-20231121-A7_05975_1920px-768x512.jpg 768w, https:\/\/www.conny-geiger.de\/wordpress\/wp-content\/uploads\/2023\/11\/C.-Geiger-FotoGrafik-20231121-A7_05975_1920px-1536x1024.jpg 1536w\" sizes=\"(max-width: 767px) 89vw, (max-width: 1000px) 54vw, (max-width: 1071px) 543px, 580px\" \/><\/figure>\n","protected":false},"excerpt":{"rendered":"<p>Der Terroranschlag der Hamas auf Israel hat den Nahostkonflikt wieder in die Schlagzeilen und nach Deutschland gebracht. Hierzulande steigen die antisemitischen Vorf\u00e4lle und die Bedrohungen f\u00fcr die j\u00fcdischen Mitb\u00fcrger\/innen an. Unsere Demokratie wird erneut stark herausgefordert \u2013 wie bereits in den vergangenen Jahren, als Antisemitismus, Rassismus, Diskriminierung und das Unterteilen in &#8222;die&#8220; und &#8222;wir&#8220; immer &hellip; <\/p>\n<p class=\"link-more\"><a href=\"https:\/\/www.conny-geiger.de\/wordpress\/pulse-of-europe-vhs-stuttgart-gefahren-fuer-die-demokratie-podiumsgespraech-mit-dr-michael-blume\/\" class=\"more-link\"><span class=\"screen-reader-text\">\u201ePulse of Europe &#038; vhs Stuttgart: Gefahren f\u00fcr die Demokratie \u2013 Podiumsgespr\u00e4ch mit Dr. Michael Blume\u201c<\/span> weiterlesen<\/a><\/p>\n","protected":false},"author":1,"featured_media":2548,"parent":0,"menu_order":0,"comment_status":"closed","ping_status":"closed","template":"","meta":{"footnotes":""},"_links":{"self":[{"href":"https:\/\/www.conny-geiger.de\/wordpress\/wp-json\/wp\/v2\/pages\/2508"}],"collection":[{"href":"https:\/\/www.conny-geiger.de\/wordpress\/wp-json\/wp\/v2\/pages"}],"about":[{"href":"https:\/\/www.conny-geiger.de\/wordpress\/wp-json\/wp\/v2\/types\/page"}],"author":[{"embeddable":true,"href":"https:\/\/www.conny-geiger.de\/wordpress\/wp-json\/wp\/v2\/users\/1"}],"replies":[{"embeddable":true,"href":"https:\/\/www.conny-geiger.de\/wordpress\/wp-json\/wp\/v2\/comments?post=2508"}],"version-history":[{"count":1,"href":"https:\/\/www.conny-geiger.de\/wordpress\/wp-json\/wp\/v2\/pages\/2508\/revisions"}],"predecessor-version":[{"id":2550,"href":"https:\/\/www.conny-geiger.de\/wordpress\/wp-json\/wp\/v2\/pages\/2508\/revisions\/2550"}],"wp:featuredmedia":[{"embeddable":true,"href":"https:\/\/www.conny-geiger.de\/wordpress\/wp-json\/wp\/v2\/media\/2548"}],"wp:attachment":[{"href":"https:\/\/www.conny-geiger.de\/wordpress\/wp-json\/wp\/v2\/media?parent=2508"}],"curies":[{"name":"wp","href":"https:\/\/api.w.org\/{rel}","templated":true}]}}